{"id":171,"date":"2021-09-07T19:02:09","date_gmt":"2021-09-07T19:02:09","guid":{"rendered":"http:\/\/gditscale.com\/?page_id=171"},"modified":"2026-04-22T13:54:35","modified_gmt":"2026-04-22T13:54:35","slug":"references","status":"publish","type":"page","link":"https:\/\/gditscale.com\/?page_id=171","title":{"rendered":"References"},"content":{"rendered":"\n<h3 class=\"has-text-align-center\" id=\"gdit-psychometric-evaluations\">GDIT psychometric evaluations<\/h3>\n\n\n\n<p><\/p>\n\n\n\n<p>Wall, H., Wennberg, P., Binde, P., &amp; Molander, O. (2024). Systematic Assessment of Gambling Type Involvement: Reliability and Validity of the Gambling Disorder Identification Test (GDIT). Journal of Gambling Studies. https:\/\/doi.org\/10.1007\/s10899-024-10345-z<\/p>\n\n\n\n<p>Molander, O., Wennberg, P., Dowling, N. A., &amp; Berman, A. H. (2024). Assessing gambling disorder using frequency- and time-based response options: A Rasch analysis of the gambling disorder identification test.<em> International Journal of Methods in Psychiatric Research<\/em>, 33(1), e2018. <a href=\"https:\/\/doi.org\/10.1002\/mpr.2018\">https:\/\/doi.org\/10.1002\/mpr.2018<\/a><\/p>\n\n\n\n<p>Molander, O., Wennberg, P., &amp; Berman, A. H. (2021). The Gambling Disorders Identification Test (GDIT): Psychometric Evaluation of a New Comprehensive Measure for Gambling Disorder and Problem Gambling. <em>Assessment<\/em>, 10731911211046044. <a href=\"https:\/\/doi.org\/10.1177\/10731911211046045\">https:\/\/doi.org\/10.1177\/10731911211046045<\/a><\/p>\n\n\n\n<h3 class=\"has-text-align-center\" id=\"gdit-translations\">GDIT translations<\/h3>\n\n\n\n<p>Torun, H. O., Akd\u00f6ner, B., Keskino\u011flu, P., Sert\u00f6z, \u00d6. \u00d6., &amp; Co\u015fkunol, H. (2026). The Reliability and Validity Study of The Turkish Version of Gambling Disorder Identification Test. Journal of Gambling Issues.<\/p>\n\n\n\n<h3 class=\"has-text-align-center\" id=\"gdit-scale-development\">GDIT scale development<\/h3>\n\n\n\n<p class=\"has-normal-font-size\">Molander, O., Volberg, R., M\u00e5nsson, V., Sundqvist, K., Wennberg, P., &amp; Berman, A. H. (2021). Development of the Gambling Disorder Identification Test: Results from an international Delphi and consensus process.&nbsp;<em>International Journal of Methods in Psychiatric Research<\/em>,&nbsp;<em>30<\/em>(2), e1865.<\/p>\n\n\n\n<p class=\"has-normal-font-size\">Molander, O., Volberg, R., Sundqvist, K., Wennberg, P., M\u00e5nsson, V., &amp; Berman, A. H. (2019). Development of the gambling disorder identification test (G-DIT): protocol for a Delphi method study.&nbsp;<em>JMIR research protocols<\/em>,&nbsp;<em>8<\/em>(1), e12006.<\/p>\n\n\n\n<h3 class=\"has-text-align-center\" id=\"other-relevant-references\">Other relevant references <\/h3>\n\n\n\n<p>Walker, M., Toneatto, T., Potenza, M. N., Petry, N., Ladouceur, R., Hodgins, D. C., &#8230; &amp; Blaszczynski, A. (2006). A framework for reporting outcomes in problem gambling treatment research: The Banff, Alberta Consensus.&nbsp;<em>Addiction<\/em>,&nbsp;<em>101<\/em>(4), 504-511.<\/p>\n\n\n\n<p>Berman, A. H., Bergman, H., Palmstierna, T., &amp; Schlyter, F. (2005). Evaluation of the Drug Use Disorders Identification Test (DUDIT) in criminal justice and detoxification settings and in a Swedish population sample.&nbsp;<em>European addiction research<\/em>,&nbsp;<em>11<\/em>(1), 22-31.<\/p>\n\n\n\n<p>Saunders, J. B., Aasland, O. G., Babor, T. F., De la Fuente, J. R., &amp; Grant, M. (1993). Development of the alcohol use disorders identification test (AUDIT): WHO collaborative project on early detection of persons with harmful alcohol consumption\u2010II.&nbsp;<em>Addiction<\/em>,&nbsp;<em>88<\/em>(6), 791-804.<\/p>\n","protected":false},"excerpt":{"rendered":"<p>GDIT psychometric evaluations Wall, H., Wennberg, P., Binde, P., &amp; Molander, O. (2024). Systematic Assessment of Gambling Type Involvement: Reliability and Validity of the Gambling Disorder Identification Test (GDIT). Journal of Gambling Studies. https:\/\/doi.org\/10.1007\/s10899-024-10345-z Molander, O., Wennberg, P., Dowling, N. A., &amp; Berman, A. H. (2024). Assessing gambling disorder using frequency- and time-based response options: [&hellip;]<\/p>\n","protected":false},"author":1,"featured_media":0,"parent":0,"menu_order":0,"comment_status":"closed","ping_status":"closed","template":"","meta":[],"_links":{"self":[{"href":"https:\/\/gditscale.com\/index.php?rest_route=\/wp\/v2\/pages\/171"}],"collection":[{"href":"https:\/\/gditscale.com\/index.php?rest_route=\/wp\/v2\/pages"}],"about":[{"href":"https:\/\/gditscale.com\/index.php?rest_route=\/wp\/v2\/types\/page"}],"author":[{"embeddable":true,"href":"https:\/\/gditscale.com\/index.php?rest_route=\/wp\/v2\/users\/1"}],"replies":[{"embeddable":true,"href":"https:\/\/gditscale.com\/index.php?rest_route=%2Fwp%2Fv2%2Fcomments&post=171"}],"version-history":[{"count":16,"href":"https:\/\/gditscale.com\/index.php?rest_route=\/wp\/v2\/pages\/171\/revisions"}],"predecessor-version":[{"id":371,"href":"https:\/\/gditscale.com\/index.php?rest_route=\/wp\/v2\/pages\/171\/revisions\/371"}],"wp:attachment":[{"href":"https:\/\/gditscale.com\/index.php?rest_route=%2Fwp%2Fv2%2Fmedia&parent=171"}],"curies":[{"name":"wp","href":"https:\/\/api.w.org\/{rel}","templated":true}]}}